{"id":553,"date":"2016-11-23T22:06:10","date_gmt":"2016-11-23T22:06:10","guid":{"rendered":"http:\/\/clientes.desarrolloespacios.com\/_dcastillo\/Atpimsa\/?page_id=553"},"modified":"2017-06-05T18:56:03","modified_gmt":"2017-06-05T18:56:03","slug":"diseno-de-transporte-neumatico-y-conveyors","status":"publish","type":"page","link":"http:\/\/www.atpimsa.com\/en\/diseno-de-transporte-neumatico-y-conveyors\/","title":{"rendered":"Dise\u00f1o de transporte neum\u00e1tico y conveyors"},"content":{"rendered":"<p><div class=\"fusion-bg-parallax\"  data-bg-align=\"center center\" data-direction=\"up\" data-mute=\"false\" data-opacity=\"100\" data-velocity=\"-0.3\" data-mobile-enabled=\"false\" data-break_parents=\"0\" data-bg-image=\"http:\/\/www.atpimsa.com\/wp-content\/uploads\/2016\/11\/atpimsa_analisis-de-flexibilidad-de-tuberias_parallax.jpg\" data-bg-repeat=\"false\" data-bg-height=\"\" data-bg-width=\"\"><\/div><div  class=\"fusion-fullwidth fullwidth-box fusion-blend-mode fusion-parallax-up nonhundred-percent-fullwidth\"  style='background-color: rgba(255,255,255,0);background-image: url(\"http:\/\/www.atpimsa.com\/wp-content\/uploads\/2016\/11\/atpimsa_analisis-de-flexibilidad-de-tuberias_parallax.jpg\");background-position: center center;background-repeat: no-repeat;padding-top:130px;padding-right:30px;padding-bottom:120px;padding-left:30px;-webkit-background-size:cover;-moz-background-size:cover;-o-background-size:cover;background-size:cover;background-attachment:up;'><div class=\"fusion-builder-row fusion-row \"><div  class=\"fusion-layout-column fusion_builder_column fusion_builder_column_1_2  fusion-one-half fusion-column-first 1_2\"  style='margin-top:0px;margin-bottom:20px;width:50%;width:calc(50% - ( ( 4% ) * 0.5 ) );margin-right: 4%;'>\n\t\t\t\t\t<div class=\"fusion-column-wrapper\" style=\"background-position:left top;background-repeat:no-repeat;-webkit-background-size:cover;-moz-background-size:cover;-o-background-size:cover;background-size:cover;\"  data-bg-url=\"\">\n\t\t\t\t\t\t<div class=\"fusion-title title fusion-sep-none fusion-title-size-two\" style=\"margin-top:0px;margin-bottom:31px;\"><h2 class=\"title-heading-left\"><span style=\"color: #ffffff;\">Pneumatic conveyor design<\/span><\/h2><\/div><p><span style=\"color: #ffffff; font-size: 18px;\">The process of pneumatic material transport consists mainly of moving solids either in powders or granular particles within a pipe.<\/span><\/p>\n<div class=\"fusion-clearfix\"><\/div>\n\n\t\t\t\t\t<\/div>\n\t\t\t\t<\/div><div  class=\"fusion-layout-column fusion_builder_column fusion_builder_column_1_2  fusion-one-half fusion-column-last 1_2\"  style='margin-top:0px;margin-bottom:20px;width:50%;width:calc(50% - ( ( 4% ) * 0.5 ) );'>\n\t\t\t\t\t<div class=\"fusion-column-wrapper\" style=\"background-position:left top;background-repeat:no-repeat;-webkit-background-size:cover;-moz-background-size:cover;-o-background-size:cover;background-size:cover;\"  data-bg-url=\"\">\n\t\t\t\t\t\t<div class=\"fusion-clearfix\"><\/div>\n\n\t\t\t\t\t<\/div>\n\t\t\t\t<\/div><\/div><\/div><div  class=\"fusion-fullwidth fullwidth-box fusion-blend-mode nonhundred-percent-fullwidth\"  style='background-color: rgba(255,255,255,0);background-position: center center;background-repeat: no-repeat;padding-top:55px;padding-right:30px;padding-bottom:35px;padding-left:30px;'><div class=\"fusion-builder-row fusion-row \"><div  class=\"fusion-layout-column fusion_builder_column fusion_builder_column_1_2  fusion-one-half fusion-column-first 1_2\"  style='margin-top:0px;margin-bottom:20px;width:50%;width:calc(50% - ( ( 4% ) * 0.5 ) );margin-right: 4%;'>\n\t\t\t\t\t<div class=\"fusion-column-wrapper\" style=\"background-position:left top;background-repeat:no-repeat;-webkit-background-size:cover;-moz-background-size:cover;-o-background-size:cover;background-size:cover;\"  data-bg-url=\"\">\n\t\t\t\t\t\t<p style=\"text-align: justify;\">The movement of the materials is given by the combination of a pressure differential and a flow of gas under pressure. For this purpose, an analysis is made of the requirements of each material that the customer requires and equipment, diameters are selected and a route is created to transport the materials, according to the norms and regulations that are required.<\/p>\n<div class=\"fusion-clearfix\"><\/div>\n\n\t\t\t\t\t<\/div>\n\t\t\t\t<\/div><div  class=\"fusion-layout-column fusion_builder_column fusion_builder_column_1_2  fusion-one-half fusion-column-last 1_2\"  style='margin-top:0px;margin-bottom:20px;width:50%;width:calc(50% - ( ( 4% ) * 0.5 ) );'>\n\t\t\t\t\t<div class=\"fusion-column-wrapper\" style=\"background-position:left top;background-repeat:no-repeat;-webkit-background-size:cover;-moz-background-size:cover;-o-background-size:cover;background-size:cover;\"  data-bg-url=\"\">\n\t\t\t\t\t\t<p style=\"text-align: justify;\">Transport by conveyors is done by analyzing the requirements of each customer, taking into account the limiting spaces and safety measures that each client has.<\/p>\n<div class=\"fusion-clearfix\"><\/div>\n\n\t\t\t\t\t<\/div>\n\t\t\t\t<\/div><div  class=\"fusion-layout-column fusion_builder_column fusion_builder_column_1_1  fusion-one-full fusion-column-first fusion-column-last 1_1\"  style='margin-top:0px;margin-bottom:20px;'>\n\t\t\t\t\t<div class=\"fusion-column-wrapper\" style=\"background-position:left top;background-repeat:no-repeat;-webkit-background-size:cover;-moz-background-size:cover;-o-background-size:cover;background-size:cover;\"  data-bg-url=\"\">\n\t\t\t\t\t\t<p style=\"text-align: justify;\">The information is analyzed and proposals are provided with different types of material conveyors, adjusting to the need and the product being transported. Each material is transported in different ways so each design is unique for each customer and an individual study is carried out under the norms that govern the handling of materials.<\/p>\n<div class=\"fusion-clearfix\"><\/div>\n\n\t\t\t\t\t<\/div>\n\t\t\t\t<\/div><\/div><\/div><\/p>","protected":false},"excerpt":{"rendered":"","protected":false},"author":2,"featured_media":0,"parent":0,"menu_order":0,"comment_status":"closed","ping_status":"closed","template":"100-width.php","meta":{"saved_in_kubio":false,"footnotes":""},"class_list":["post-553","page","type-page","status-publish","hentry"],"kubio_ai_page_context":{"short_desc":"","purpose":"general"},"yoast_head":"<!-- This site is optimized with the Yoast SEO plugin v26.1.1 - https:\/\/yoast.com\/wordpress\/plugins\/seo\/ -->\n<title>Dise\u00f1o de transporte neum\u00e1tico y conveyors - ATPIMSA Asesor\u00eda T\u00e9cnica y Proyectos Industriales de Monterrey S.A. de C.V.<\/title>\n<meta name=\"description\" content=\"Asesor\u00eda T\u00e9cnica y Proyectos Industriales de Monterrey, S.A. de C.V. es una firma de ingenier\u00eda y construcci\u00f3n, especializada en suministrar servicios integrales para proyectos de instalaciones industriales, comerciales y habitacionales, incluyendo proyectos tanto para nuevas instalaciones, como para modificaciones de instalaciones existentes\" \/>\n<meta name=\"robots\" content=\"index, follow, max-snippet:-1, max-image-preview:large, max-video-preview:-1\" \/>\n<link rel=\"canonical\" href=\"https:\/\/www.atpimsa.com\/diseno-de-transporte-neumatico-y-conveyors\/\" \/>\n<meta property=\"og:locale\" content=\"en_US\" \/>\n<meta property=\"og:type\" content=\"article\" \/>\n<meta property=\"og:title\" content=\"Dise\u00f1o de transporte neum\u00e1tico y conveyors - ATPIMSA Asesor\u00eda T\u00e9cnica y Proyectos Industriales de Monterrey S.A. de C.V.\" \/>\n<meta property=\"og:description\" content=\"Asesor\u00eda T\u00e9cnica y Proyectos Industriales de Monterrey, S.A. de C.V. es una firma de ingenier\u00eda y construcci\u00f3n, especializada en suministrar servicios integrales para proyectos de instalaciones industriales, comerciales y habitacionales, incluyendo proyectos tanto para nuevas instalaciones, como para modificaciones de instalaciones existentes\" \/>\n<meta property=\"og:url\" content=\"https:\/\/www.atpimsa.com\/diseno-de-transporte-neumatico-y-conveyors\/\" \/>\n<meta property=\"og:site_name\" content=\"ATPIMSA Asesor\u00eda T\u00e9cnica y Proyectos Industriales de Monterrey S.A. de C.V.\" \/>\n<meta property=\"article:modified_time\" content=\"2017-06-05T18:56:03+00:00\" \/>\n<meta name=\"twitter:card\" content=\"summary_large_image\" \/>\n<meta name=\"twitter:label1\" content=\"Est. reading time\" \/>\n\t<meta name=\"twitter:data1\" content=\"7 minutes\" \/>\n<script type=\"application\/ld+json\" class=\"yoast-schema-graph\">{\"@context\":\"https:\/\/schema.org\",\"@graph\":[{\"@type\":\"WebPage\",\"@id\":\"https:\/\/www.atpimsa.com\/diseno-de-transporte-neumatico-y-conveyors\/\",\"url\":\"https:\/\/www.atpimsa.com\/diseno-de-transporte-neumatico-y-conveyors\/\",\"name\":\"Dise\u00f1o de transporte neum\u00e1tico y conveyors - ATPIMSA Asesor\u00eda T\u00e9cnica y Proyectos Industriales de Monterrey S.A. de C.V.\",\"isPartOf\":{\"@id\":\"http:\/\/www.atpimsa.com\/en\/#website\"},\"datePublished\":\"2016-11-23T22:06:10+00:00\",\"dateModified\":\"2017-06-05T18:56:03+00:00\",\"description\":\"Asesor\u00eda T\u00e9cnica y Proyectos Industriales de Monterrey, S.A. de C.V. es una firma de ingenier\u00eda y construcci\u00f3n, especializada en suministrar servicios integrales para proyectos de instalaciones industriales, comerciales y habitacionales, incluyendo proyectos tanto para nuevas instalaciones, como para modificaciones de instalaciones existentes\",\"breadcrumb\":{\"@id\":\"https:\/\/www.atpimsa.com\/diseno-de-transporte-neumatico-y-conveyors\/#breadcrumb\"},\"inLanguage\":\"en-US\",\"potentialAction\":[{\"@type\":\"ReadAction\",\"target\":[\"https:\/\/www.atpimsa.com\/diseno-de-transporte-neumatico-y-conveyors\/\"]}]},{\"@type\":\"BreadcrumbList\",\"@id\":\"https:\/\/www.atpimsa.com\/diseno-de-transporte-neumatico-y-conveyors\/#breadcrumb\",\"itemListElement\":[{\"@type\":\"ListItem\",\"position\":1,\"name\":\"Portada\",\"item\":\"http:\/\/www.atpimsa.com\/en\/\"},{\"@type\":\"ListItem\",\"position\":2,\"name\":\"Dise\u00f1o de transporte neum\u00e1tico y conveyors\"}]},{\"@type\":\"WebSite\",\"@id\":\"http:\/\/www.atpimsa.com\/en\/#website\",\"url\":\"http:\/\/www.atpimsa.com\/en\/\",\"name\":\"ATPIMSA Asesor\u00eda T\u00e9cnica y Proyectos Industriales de Monterrey S.A. de C.V.\",\"description\":\"\",\"publisher\":{\"@id\":\"http:\/\/www.atpimsa.com\/en\/#organization\"},\"potentialAction\":[{\"@type\":\"SearchAction\",\"target\":{\"@type\":\"EntryPoint\",\"urlTemplate\":\"http:\/\/www.atpimsa.com\/en\/?s={search_term_string}\"},\"query-input\":{\"@type\":\"PropertyValueSpecification\",\"valueRequired\":true,\"valueName\":\"search_term_string\"}}],\"inLanguage\":\"en-US\"},{\"@type\":\"Organization\",\"@id\":\"http:\/\/www.atpimsa.com\/en\/#organization\",\"name\":\"Atpimsa\",\"url\":\"http:\/\/www.atpimsa.com\/en\/\",\"logo\":{\"@type\":\"ImageObject\",\"inLanguage\":\"en-US\",\"@id\":\"http:\/\/www.atpimsa.com\/en\/#\/schema\/logo\/image\/\",\"url\":\"https:\/\/www.atpimsa.com\/wp-content\/uploads\/2016\/10\/atpimsa_logotipo.png\",\"contentUrl\":\"https:\/\/www.atpimsa.com\/wp-content\/uploads\/2016\/10\/atpimsa_logotipo.png\",\"width\":228,\"height\":50,\"caption\":\"Atpimsa\"},\"image\":{\"@id\":\"http:\/\/www.atpimsa.com\/en\/#\/schema\/logo\/image\/\"}}]}<\/script>\n<!-- \/ Yoast SEO plugin. -->","yoast_head_json":{"title":"Dise\u00f1o de transporte neum\u00e1tico y conveyors - ATPIMSA Asesor\u00eda T\u00e9cnica y Proyectos Industriales de Monterrey S.A. de C.V.","description":"Asesor\u00eda T\u00e9cnica y Proyectos Industriales de Monterrey, S.A. de C.V. es una firma de ingenier\u00eda y construcci\u00f3n, especializada en suministrar servicios integrales para proyectos de instalaciones industriales, comerciales y habitacionales, incluyendo proyectos tanto para nuevas instalaciones, como para modificaciones de instalaciones existentes","robots":{"index":"index","follow":"follow","max-snippet":"max-snippet:-1","max-image-preview":"max-image-preview:large","max-video-preview":"max-video-preview:-1"},"canonical":"https:\/\/www.atpimsa.com\/diseno-de-transporte-neumatico-y-conveyors\/","og_locale":"en_US","og_type":"article","og_title":"Dise\u00f1o de transporte neum\u00e1tico y conveyors - ATPIMSA Asesor\u00eda T\u00e9cnica y Proyectos Industriales de Monterrey S.A. de C.V.","og_description":"Asesor\u00eda T\u00e9cnica y Proyectos Industriales de Monterrey, S.A. de C.V. es una firma de ingenier\u00eda y construcci\u00f3n, especializada en suministrar servicios integrales para proyectos de instalaciones industriales, comerciales y habitacionales, incluyendo proyectos tanto para nuevas instalaciones, como para modificaciones de instalaciones existentes","og_url":"https:\/\/www.atpimsa.com\/diseno-de-transporte-neumatico-y-conveyors\/","og_site_name":"ATPIMSA Asesor\u00eda T\u00e9cnica y Proyectos Industriales de Monterrey S.A. de C.V.","article_modified_time":"2017-06-05T18:56:03+00:00","twitter_card":"summary_large_image","twitter_misc":{"Est. reading time":"7 minutes"},"schema":{"@context":"https:\/\/schema.org","@graph":[{"@type":"WebPage","@id":"https:\/\/www.atpimsa.com\/diseno-de-transporte-neumatico-y-conveyors\/","url":"https:\/\/www.atpimsa.com\/diseno-de-transporte-neumatico-y-conveyors\/","name":"Dise\u00f1o de transporte neum\u00e1tico y conveyors - ATPIMSA Asesor\u00eda T\u00e9cnica y Proyectos Industriales de Monterrey S.A. de C.V.","isPartOf":{"@id":"http:\/\/www.atpimsa.com\/en\/#website"},"datePublished":"2016-11-23T22:06:10+00:00","dateModified":"2017-06-05T18:56:03+00:00","description":"Asesor\u00eda T\u00e9cnica y Proyectos Industriales de Monterrey, S.A. de C.V. es una firma de ingenier\u00eda y construcci\u00f3n, especializada en suministrar servicios integrales para proyectos de instalaciones industriales, comerciales y habitacionales, incluyendo proyectos tanto para nuevas instalaciones, como para modificaciones de instalaciones existentes","breadcrumb":{"@id":"https:\/\/www.atpimsa.com\/diseno-de-transporte-neumatico-y-conveyors\/#breadcrumb"},"inLanguage":"en-US","potentialAction":[{"@type":"ReadAction","target":["https:\/\/www.atpimsa.com\/diseno-de-transporte-neumatico-y-conveyors\/"]}]},{"@type":"BreadcrumbList","@id":"https:\/\/www.atpimsa.com\/diseno-de-transporte-neumatico-y-conveyors\/#breadcrumb","itemListElement":[{"@type":"ListItem","position":1,"name":"Portada","item":"http:\/\/www.atpimsa.com\/en\/"},{"@type":"ListItem","position":2,"name":"Dise\u00f1o de transporte neum\u00e1tico y conveyors"}]},{"@type":"WebSite","@id":"http:\/\/www.atpimsa.com\/en\/#website","url":"http:\/\/www.atpimsa.com\/en\/","name":"ATPIMSA Asesor\u00eda T\u00e9cnica y Proyectos Industriales de Monterrey S.A. de C.V.","description":"","publisher":{"@id":"http:\/\/www.atpimsa.com\/en\/#organization"},"potentialAction":[{"@type":"SearchAction","target":{"@type":"EntryPoint","urlTemplate":"http:\/\/www.atpimsa.com\/en\/?s={search_term_string}"},"query-input":{"@type":"PropertyValueSpecification","valueRequired":true,"valueName":"search_term_string"}}],"inLanguage":"en-US"},{"@type":"Organization","@id":"http:\/\/www.atpimsa.com\/en\/#organization","name":"Atpimsa","url":"http:\/\/www.atpimsa.com\/en\/","logo":{"@type":"ImageObject","inLanguage":"en-US","@id":"http:\/\/www.atpimsa.com\/en\/#\/schema\/logo\/image\/","url":"https:\/\/www.atpimsa.com\/wp-content\/uploads\/2016\/10\/atpimsa_logotipo.png","contentUrl":"https:\/\/www.atpimsa.com\/wp-content\/uploads\/2016\/10\/atpimsa_logotipo.png","width":228,"height":50,"caption":"Atpimsa"},"image":{"@id":"http:\/\/www.atpimsa.com\/en\/#\/schema\/logo\/image\/"}}]}},"brizy_media":[],"_links":{"self":[{"href":"http:\/\/www.atpimsa.com\/en\/wp-json\/wp\/v2\/pages\/553","targetHints":{"allow":["GET"]}}],"collection":[{"href":"http:\/\/www.atpimsa.com\/en\/wp-json\/wp\/v2\/pages"}],"about":[{"href":"http:\/\/www.atpimsa.com\/en\/wp-json\/wp\/v2\/types\/page"}],"author":[{"embeddable":true,"href":"http:\/\/www.atpimsa.com\/en\/wp-json\/wp\/v2\/users\/2"}],"replies":[{"embeddable":true,"href":"http:\/\/www.atpimsa.com\/en\/wp-json\/wp\/v2\/comments?post=553"}],"version-history":[{"count":8,"href":"http:\/\/www.atpimsa.com\/en\/wp-json\/wp\/v2\/pages\/553\/revisions"}],"predecessor-version":[{"id":896,"href":"http:\/\/www.atpimsa.com\/en\/wp-json\/wp\/v2\/pages\/553\/revisions\/896"}],"wp:attachment":[{"href":"http:\/\/www.atpimsa.com\/en\/wp-json\/wp\/v2\/media?parent=553"}],"curies":[{"name":"wp","href":"https:\/\/api.w.org\/{rel}","templated":true}]}}