{"id":442,"date":"2016-11-05T18:25:57","date_gmt":"2016-11-05T18:25:57","guid":{"rendered":"http:\/\/clientes.desarrolloespacios.com\/_dcastillo\/Atpimsa\/?page_id=442"},"modified":"2026-03-02T08:16:02","modified_gmt":"2026-03-02T14:16:02","slug":"contacto","status":"publish","type":"page","link":"http:\/\/www.atpimsa.com\/en\/contacto\/","title":{"rendered":"Contact"},"content":{"rendered":"<p><div class=\"fusion-bg-parallax\"  data-bg-align=\"center center\" data-direction=\"up\" data-mute=\"false\" data-opacity=\"100\" data-velocity=\"-0.3\" data-mobile-enabled=\"false\" data-break_parents=\"0\" data-bg-image=\"http:\/\/www.atpimsa.com\/wp-content\/uploads\/2016\/11\/atpimsa_contacto.jpg\" data-bg-repeat=\"false\" data-bg-height=\"\" data-bg-width=\"\"><\/div><div  class=\"fusion-fullwidth fullwidth-box fusion-blend-mode fusion-parallax-up nonhundred-percent-fullwidth\"  style='background-color: rgba(255,255,255,0);background-image: url(\"http:\/\/www.atpimsa.com\/wp-content\/uploads\/2016\/11\/atpimsa_contacto.jpg\");background-position: center center;background-repeat: no-repeat;padding-top:130px;padding-right:30px;padding-bottom:120px;padding-left:30px;-webkit-background-size:cover;-moz-background-size:cover;-o-background-size:cover;background-size:cover;background-attachment:up;'><div class=\"fusion-builder-row fusion-row \"><div  class=\"fusion-layout-column fusion_builder_column fusion_builder_column_1_2  fusion-one-half fusion-column-first 1_2\"  style='margin-top:0px;margin-bottom:20px;width:50%;width:calc(50% - ( ( 4% ) * 0.5 ) );margin-right: 4%;'>\n\t\t\t\t\t<div class=\"fusion-column-wrapper\" style=\"background-position:left top;background-repeat:no-repeat;-webkit-background-size:cover;-moz-background-size:cover;-o-background-size:cover;background-size:cover;\"  data-bg-url=\"\">\n\t\t\t\t\t\t<div class=\"fusion-title title fusion-sep-none fusion-title-size-one\" style=\"margin-top:0px;margin-bottom:31px;\"><h1 class=\"title-heading-left\"><span style=\"color: #ffffff;\">Contact<\/span><\/h1><\/div><p><span style=\"color: #ffffff;\">If you want to know more about our services, contact us through our data or fill out the form below and we will contact you.<\/span><\/p>\n\n<div class=\"wpcf7 no-js\" id=\"wpcf7-f1176-o2\" lang=\"es-ES\" dir=\"ltr\" data-wpcf7-id=\"1176\">\n<div class=\"screen-reader-response\"><p role=\"status\" aria-live=\"polite\" aria-atomic=\"true\"><\/p> <ul><\/ul><\/div>\n<form action=\"\/en\/wp-json\/wp\/v2\/pages\/442#wpcf7-f1176-o2\" method=\"post\" class=\"wpcf7-form init\" aria-label=\"Formulario de contacto\" novalidate=\"novalidate\" data-status=\"init\">\n<fieldset class=\"hidden-fields-container\"><input type=\"hidden\" name=\"_wpcf7\" value=\"1176\" \/><input type=\"hidden\" name=\"_wpcf7_version\" value=\"6.1.2\" \/><input type=\"hidden\" name=\"_wpcf7_locale\" value=\"es_ES\" \/><input type=\"hidden\" name=\"_wpcf7_unit_tag\" value=\"wpcf7-f1176-o2\" \/><input type=\"hidden\" name=\"_wpcf7_container_post\" value=\"0\" \/><input type=\"hidden\" name=\"_wpcf7_posted_data_hash\" value=\"\" \/>\n<\/fieldset>\n<div class=\"col-md-12\">\n\t<p><label class=\"title-cam\"> NAME:<br \/>\n<span class=\"wpcf7-form-control-wrap\" data-name=\"your-name\"><input size=\"40\" maxlength=\"400\" class=\"wpcf7-form-control wpcf7-text wpcf7-validates-as-required\" aria-required=\"true\" aria-invalid=\"false\" value=\"\" type=\"text\" name=\"your-name\" \/><\/span> <\/label>\n\t<\/p>\n<\/div>\n<div class=\"col-md-6\">\n\t<p><label class=\"title-cam\"> E-MAIL:<br \/>\n<span class=\"wpcf7-form-control-wrap\" data-name=\"your-email\"><input size=\"40\" maxlength=\"400\" class=\"wpcf7-form-control wpcf7-email wpcf7-validates-as-required wpcf7-text wpcf7-validates-as-email\" aria-required=\"true\" aria-invalid=\"false\" value=\"\" type=\"email\" name=\"your-email\" \/><\/span> <\/label>\n\t<\/p>\n<\/div>\n<div class=\"col-md-6\">\n\t<p><label class=\"title-cam\"> PHONE:<br \/>\n<span class=\"wpcf7-form-control-wrap\" data-name=\"your-phone\"><input size=\"40\" maxlength=\"400\" class=\"wpcf7-form-control wpcf7-tel wpcf7-text wpcf7-validates-as-tel\" aria-invalid=\"false\" value=\"\" type=\"tel\" name=\"your-phone\" \/><\/span><\/label>\n\t<\/p>\n<\/div>\n<div class=\"col-md-12\">\n\t<p><label class=\"title-cam\"> MESSAGE:<br \/>\n<span class=\"wpcf7-form-control-wrap\" data-name=\"your-message\"><textarea cols=\"40\" rows=\"10\" maxlength=\"2000\" class=\"wpcf7-form-control wpcf7-textarea\" aria-invalid=\"false\" name=\"your-message\"><\/textarea><\/span> <\/label>\n\t<\/p>\n<\/div>\n<div class=\"col-md-12\">\n\t<p><input class=\"wpcf7-form-control wpcf7-submit has-spinner\" type=\"submit\" value=\"SEND\" \/>\n\t<\/p>\n<\/div><div class=\"wpcf7-response-output\" aria-hidden=\"true\"><\/div>\n<\/form>\n<\/div>\n<div class=\"fusion-clearfix\"><\/div>\n\n\t\t\t\t\t<\/div>\n\t\t\t\t<\/div><div  class=\"fusion-layout-column fusion_builder_column fusion_builder_column_1_2  fusion-one-half fusion-column-last 1_2\"  style='margin-top:0px;margin-bottom:20px;width:50%;width:calc(50% - ( ( 4% ) * 0.5 ) );'>\n\t\t\t\t\t<div class=\"fusion-column-wrapper\" style=\"background-position:left top;background-repeat:no-repeat;-webkit-background-size:cover;-moz-background-size:cover;-o-background-size:cover;background-size:cover;\"  data-bg-url=\"\">\n\t\t\t\t\t\t\t\t\t\t\t<script type=\"text\/javascript\">\n\t\t\t\t\t\tvar map_fusion_map_69e3532c2ed7f;\n\t\t\t\t\t\tvar markers = [];\n\t\t\t\t\t\tvar counter = 0;\n\t\t\t\t\t\tfunction fusion_run_map_fusion_map_69e3532c2ed7f() {\n\t\t\t\t\t\t\tjQuery('#fusion_map_69e3532c2ed7f').fusion_maps({\n\t\t\t\t\t\t\t\taddresses: [{\"address\":\"25.762455, -100.296685\",\"infobox_content\":\"\",\"coordinates\":true,\"latitude\":\"25.762455\",\"longitude\":\" -100.296685\",\"cache\":true,\"geocoded_address\":\"Calle Casa de Iturbide 1108, Casa Bella 2do Sector, 66635 San Nicol\\u00e1s de los Garza, N.L., M\\u00e9xico\"}],\n\t\t\t\t\t\t\t\tanimations: false,\n\t\t\t\t\t\t\t\tinfobox_background_color: '',\n\t\t\t\t\t\t\t\tinfobox_styling: 'default',\n\t\t\t\t\t\t\t\tinfobox_text_color: '',\n\t\t\t\t\t\t\t\tmap_style: 'default',\n\t\t\t\t\t\t\t\tmap_type: 'roadmap',\n\t\t\t\t\t\t\t\tmarker_icon: '',\n\t\t\t\t\t\t\t\toverlay_color: '',\n\t\t\t\t\t\t\t\toverlay_color_hsl: {\"hue\":0,\"sat\":0,\"lum\":0},\n\t\t\t\t\t\t\t\tpan_control: true,\n\t\t\t\t\t\t\t\tshow_address: true,\n\t\t\t\t\t\t\t\tscale_control: true,\n\t\t\t\t\t\t\t\tscrollwheel: true,\n\t\t\t\t\t\t\t\tzoom: 17,\n\t\t\t\t\t\t\t\tzoom_control: true,\n\t\t\t\t\t\t\t});\n\t\t\t\t\t\t}\n\n\t\t\t\t\t\tgoogle.maps.event.addDomListener(window, 'load', fusion_run_map_fusion_map_69e3532c2ed7f);\n\t\t\t\t\t<\/script>\n\t\t\t\t\t<div class=\"shortcode-map fusion-google-map\" id=\"fusion_map_69e3532c2ed7f\" style=\"height:240px;width:560px|;\"><\/div><div class=\"space\"><\/div>\n<p><span style=\"color: #ffffff;\">ADDRESS:<\/span><\/p>\n<ul>\n<li><span style=\"color: #ffffff;\">Casa de Iturbide 1108, Casa Bella 2o Sector, San Nicol\u00e1s de los Garza, NL. C.P. 66420<\/span><\/li>\n<\/ul>\n<p><span style=\"color: #ffffff;\">PHONES:<\/span><\/p>\n<ul>\n<li><span style=\"color: #ffffff;\"><a style=\"color: #ffffff;\" href=\"tel:528183521410\">+52 (81) 8352.1410<\/a><\/span><\/li>\n<li><span style=\"color: #ffffff;\"><a style=\"color: #ffffff;\" href=\"tel:528183523554\">+52 (81) 8352.3554<\/a><\/span><\/li>\n<\/ul>\n<p><span style=\"color: #ffffff;\">CONTACTS:<\/span><\/p>\n<ul>\n<li><span style=\"color: #ffffff;\">dcervantes<a style=\"color: #ffffff;\" href=\"mailto:dcervantes@atpimsa.com\">@atpims<\/a>a.com<\/span><\/li>\n<li><span style=\"color: #ffffff;\">vcastro<a style=\"color: #ffffff;\" href=\"mailto:vcastro@atpimsa.com\">@atpimsa.com<\/a><\/span><\/li>\n<\/ul>\n<p><span style=\"color: #ffffff;\">INTERNATIONAL SALES DIRECTOR:<\/span><\/p>\n<ul>\n<li><span style=\"color: #ffffff;\"><a style=\"color: #ffffff;\" href=\"mailto:bejar@atpimsa.com\">bejar@atpim<\/a>sa.com<\/span><\/li>\n<\/ul>\n<div class=\"fusion-clearfix\"><\/div>\n\n\t\t\t\t\t<\/div>\n\t\t\t\t<\/div><\/div><\/div><\/p>\n<div class=\"brz-root__container\"><\/div>","protected":false},"excerpt":{"rendered":"","protected":false},"author":2,"featured_media":0,"parent":0,"menu_order":0,"comment_status":"closed","ping_status":"closed","template":"brizy-blank-template.php","meta":{"saved_in_kubio":false,"footnotes":""},"class_list":["post-442","page","type-page","status-publish","hentry"],"kubio_ai_page_context":{"short_desc":"","purpose":"general"},"yoast_head":"<!-- This site is optimized with the Yoast SEO plugin v26.1.1 - https:\/\/yoast.com\/wordpress\/plugins\/seo\/ -->\n<title>Contact - ATPIMSA Asesor\u00eda T\u00e9cnica y Proyectos Industriales de Monterrey S.A. de C.V.<\/title>\n<meta name=\"description\" content=\"Asesor\u00eda T\u00e9cnica y Proyectos Industriales de Monterrey, S.A. de C.V. es una firma de ingenier\u00eda y construcci\u00f3n, especializada en suministrar servicios integrales para proyectos de instalaciones industriales, comerciales y habitacionales, incluyendo proyectos tanto para nuevas instalaciones, como para modificaciones de instalaciones existentes\" \/>\n<meta name=\"robots\" content=\"index, follow, max-snippet:-1, max-image-preview:large, max-video-preview:-1\" \/>\n<link rel=\"canonical\" href=\"http:\/\/www.atpimsa.com\/contacto\/\" \/>\n<meta property=\"og:locale\" content=\"en_US\" \/>\n<meta property=\"og:type\" content=\"article\" \/>\n<meta property=\"og:title\" content=\"[:es]Contacto[:en]Contact[:] - ATPIMSA Asesor\u00eda T\u00e9cnica y Proyectos Industriales de Monterrey S.A. de C.V.\" \/>\n<meta property=\"og:description\" content=\"Asesor\u00eda T\u00e9cnica y Proyectos Industriales de Monterrey, S.A. de C.V. es una firma de ingenier\u00eda y construcci\u00f3n, especializada en suministrar servicios integrales para proyectos de instalaciones industriales, comerciales y habitacionales, incluyendo proyectos tanto para nuevas instalaciones, como para modificaciones de instalaciones existentes\" \/>\n<meta property=\"og:url\" content=\"http:\/\/www.atpimsa.com\/contacto\/\" \/>\n<meta property=\"og:site_name\" content=\"ATPIMSA Asesor\u00eda T\u00e9cnica y Proyectos Industriales de Monterrey S.A. de C.V.\" \/>\n<meta property=\"article:modified_time\" content=\"2026-03-02T14:16:02+00:00\" \/>\n<meta name=\"twitter:card\" content=\"summary_large_image\" \/>\n<meta name=\"twitter:label1\" content=\"Est. reading time\" \/>\n\t<meta name=\"twitter:data1\" content=\"4 minutes\" \/>\n<script type=\"application\/ld+json\" class=\"yoast-schema-graph\">{\"@context\":\"https:\/\/schema.org\",\"@graph\":[{\"@type\":\"WebPage\",\"@id\":\"http:\/\/www.atpimsa.com\/contacto\/\",\"url\":\"http:\/\/www.atpimsa.com\/contacto\/\",\"name\":\"[:es]Contacto[:en]Contact[:] - ATPIMSA Asesor\u00eda T\u00e9cnica y Proyectos Industriales de Monterrey S.A. de C.V.\",\"isPartOf\":{\"@id\":\"http:\/\/www.atpimsa.com\/#website\"},\"datePublished\":\"2016-11-05T18:25:57+00:00\",\"dateModified\":\"2026-03-02T14:16:02+00:00\",\"description\":\"Asesor\u00eda T\u00e9cnica y Proyectos Industriales de Monterrey, S.A. de C.V. es una firma de ingenier\u00eda y construcci\u00f3n, especializada en suministrar servicios integrales para proyectos de instalaciones industriales, comerciales y habitacionales, incluyendo proyectos tanto para nuevas instalaciones, como para modificaciones de instalaciones existentes\",\"breadcrumb\":{\"@id\":\"http:\/\/www.atpimsa.com\/contacto\/#breadcrumb\"},\"inLanguage\":\"en-US\",\"potentialAction\":[{\"@type\":\"ReadAction\",\"target\":[\"http:\/\/www.atpimsa.com\/contacto\/\"]}]},{\"@type\":\"BreadcrumbList\",\"@id\":\"http:\/\/www.atpimsa.com\/contacto\/#breadcrumb\",\"itemListElement\":[{\"@type\":\"ListItem\",\"position\":1,\"name\":\"Portada\",\"item\":\"http:\/\/www.atpimsa.com\/\"},{\"@type\":\"ListItem\",\"position\":2,\"name\":\"Contacto\"}]},{\"@type\":\"WebSite\",\"@id\":\"http:\/\/www.atpimsa.com\/#website\",\"url\":\"http:\/\/www.atpimsa.com\/\",\"name\":\"ATPIMSA Asesor\u00eda T\u00e9cnica y Proyectos Industriales de Monterrey S.A. de C.V.\",\"description\":\"\",\"publisher\":{\"@id\":\"http:\/\/www.atpimsa.com\/#organization\"},\"potentialAction\":[{\"@type\":\"SearchAction\",\"target\":{\"@type\":\"EntryPoint\",\"urlTemplate\":\"http:\/\/www.atpimsa.com\/?s={search_term_string}\"},\"query-input\":{\"@type\":\"PropertyValueSpecification\",\"valueRequired\":true,\"valueName\":\"search_term_string\"}}],\"inLanguage\":\"en-US\"},{\"@type\":\"Organization\",\"@id\":\"http:\/\/www.atpimsa.com\/#organization\",\"name\":\"Atpimsa\",\"url\":\"http:\/\/www.atpimsa.com\/\",\"logo\":{\"@type\":\"ImageObject\",\"inLanguage\":\"en-US\",\"@id\":\"http:\/\/www.atpimsa.com\/#\/schema\/logo\/image\/\",\"url\":\"https:\/\/www.atpimsa.com\/wp-content\/uploads\/2016\/10\/atpimsa_logotipo.png\",\"contentUrl\":\"https:\/\/www.atpimsa.com\/wp-content\/uploads\/2016\/10\/atpimsa_logotipo.png\",\"width\":228,\"height\":50,\"caption\":\"Atpimsa\"},\"image\":{\"@id\":\"http:\/\/www.atpimsa.com\/#\/schema\/logo\/image\/\"}}]}<\/script>\n<!-- \/ Yoast SEO plugin. -->","yoast_head_json":{"title":"[:es]Contacto[:en]Contact[:] - ATPIMSA Asesor\u00eda T\u00e9cnica y Proyectos Industriales de Monterrey S.A. de C.V.","description":"Asesor\u00eda T\u00e9cnica y Proyectos Industriales de Monterrey, S.A. de C.V. es una firma de ingenier\u00eda y construcci\u00f3n, especializada en suministrar servicios integrales para proyectos de instalaciones industriales, comerciales y habitacionales, incluyendo proyectos tanto para nuevas instalaciones, como para modificaciones de instalaciones existentes","robots":{"index":"index","follow":"follow","max-snippet":"max-snippet:-1","max-image-preview":"max-image-preview:large","max-video-preview":"max-video-preview:-1"},"canonical":"http:\/\/www.atpimsa.com\/contacto\/","og_locale":"en_US","og_type":"article","og_title":"[:es]Contacto[:en]Contact[:] - ATPIMSA Asesor\u00eda T\u00e9cnica y Proyectos Industriales de Monterrey S.A. de C.V.","og_description":"Asesor\u00eda T\u00e9cnica y Proyectos Industriales de Monterrey, S.A. de C.V. es una firma de ingenier\u00eda y construcci\u00f3n, especializada en suministrar servicios integrales para proyectos de instalaciones industriales, comerciales y habitacionales, incluyendo proyectos tanto para nuevas instalaciones, como para modificaciones de instalaciones existentes","og_url":"http:\/\/www.atpimsa.com\/contacto\/","og_site_name":"ATPIMSA Asesor\u00eda T\u00e9cnica y Proyectos Industriales de Monterrey S.A. de C.V.","article_modified_time":"2026-03-02T14:16:02+00:00","twitter_card":"summary_large_image","twitter_misc":{"Est. reading time":"4 minutes"},"schema":{"@context":"https:\/\/schema.org","@graph":[{"@type":"WebPage","@id":"http:\/\/www.atpimsa.com\/contacto\/","url":"http:\/\/www.atpimsa.com\/contacto\/","name":"[:es]Contacto[:en]Contact[:] - ATPIMSA Asesor\u00eda T\u00e9cnica y Proyectos Industriales de Monterrey S.A. de C.V.","isPartOf":{"@id":"http:\/\/www.atpimsa.com\/#website"},"datePublished":"2016-11-05T18:25:57+00:00","dateModified":"2026-03-02T14:16:02+00:00","description":"Asesor\u00eda T\u00e9cnica y Proyectos Industriales de Monterrey, S.A. de C.V. es una firma de ingenier\u00eda y construcci\u00f3n, especializada en suministrar servicios integrales para proyectos de instalaciones industriales, comerciales y habitacionales, incluyendo proyectos tanto para nuevas instalaciones, como para modificaciones de instalaciones existentes","breadcrumb":{"@id":"http:\/\/www.atpimsa.com\/contacto\/#breadcrumb"},"inLanguage":"en-US","potentialAction":[{"@type":"ReadAction","target":["http:\/\/www.atpimsa.com\/contacto\/"]}]},{"@type":"BreadcrumbList","@id":"http:\/\/www.atpimsa.com\/contacto\/#breadcrumb","itemListElement":[{"@type":"ListItem","position":1,"name":"Portada","item":"http:\/\/www.atpimsa.com\/"},{"@type":"ListItem","position":2,"name":"Contacto"}]},{"@type":"WebSite","@id":"http:\/\/www.atpimsa.com\/#website","url":"http:\/\/www.atpimsa.com\/","name":"ATPIMSA Asesor\u00eda T\u00e9cnica y Proyectos Industriales de Monterrey S.A. de C.V.","description":"","publisher":{"@id":"http:\/\/www.atpimsa.com\/#organization"},"potentialAction":[{"@type":"SearchAction","target":{"@type":"EntryPoint","urlTemplate":"http:\/\/www.atpimsa.com\/?s={search_term_string}"},"query-input":{"@type":"PropertyValueSpecification","valueRequired":true,"valueName":"search_term_string"}}],"inLanguage":"en-US"},{"@type":"Organization","@id":"http:\/\/www.atpimsa.com\/#organization","name":"Atpimsa","url":"http:\/\/www.atpimsa.com\/","logo":{"@type":"ImageObject","inLanguage":"en-US","@id":"http:\/\/www.atpimsa.com\/#\/schema\/logo\/image\/","url":"https:\/\/www.atpimsa.com\/wp-content\/uploads\/2016\/10\/atpimsa_logotipo.png","contentUrl":"https:\/\/www.atpimsa.com\/wp-content\/uploads\/2016\/10\/atpimsa_logotipo.png","width":228,"height":50,"caption":"Atpimsa"},"image":{"@id":"http:\/\/www.atpimsa.com\/#\/schema\/logo\/image\/"}}]}},"brizy_media":[],"_links":{"self":[{"href":"http:\/\/www.atpimsa.com\/en\/wp-json\/wp\/v2\/pages\/442","targetHints":{"allow":["GET"]}}],"collection":[{"href":"http:\/\/www.atpimsa.com\/en\/wp-json\/wp\/v2\/pages"}],"about":[{"href":"http:\/\/www.atpimsa.com\/en\/wp-json\/wp\/v2\/types\/page"}],"author":[{"embeddable":true,"href":"http:\/\/www.atpimsa.com\/en\/wp-json\/wp\/v2\/users\/2"}],"replies":[{"embeddable":true,"href":"http:\/\/www.atpimsa.com\/en\/wp-json\/wp\/v2\/comments?post=442"}],"version-history":[{"count":44,"href":"http:\/\/www.atpimsa.com\/en\/wp-json\/wp\/v2\/pages\/442\/revisions"}],"predecessor-version":[{"id":2093,"href":"http:\/\/www.atpimsa.com\/en\/wp-json\/wp\/v2\/pages\/442\/revisions\/2093"}],"wp:attachment":[{"href":"http:\/\/www.atpimsa.com\/en\/wp-json\/wp\/v2\/media?parent=442"}],"curies":[{"name":"wp","href":"https:\/\/api.w.org\/{rel}","templated":true}]}}