{"id":436,"date":"2016-11-05T18:21:21","date_gmt":"2016-11-05T18:21:21","guid":{"rendered":"http:\/\/clientes.desarrolloespacios.com\/_dcastillo\/Atpimsa\/?page_id=436"},"modified":"2017-06-15T18:10:50","modified_gmt":"2017-06-15T18:10:50","slug":"estudios-de-ventilacion-y-coleccion-de-polvos","status":"publish","type":"page","link":"http:\/\/www.atpimsa.com\/en\/estudios-de-ventilacion-y-coleccion-de-polvos\/","title":{"rendered":"Estudios de Ventilaci\u00f3n y Colecci\u00f3n de Polvos"},"content":{"rendered":"<p><div class=\"fusion-bg-parallax\"  data-bg-align=\"center center\" data-direction=\"up\" data-mute=\"false\" data-opacity=\"100\" data-velocity=\"-0.3\" data-mobile-enabled=\"false\" data-break_parents=\"0\" data-bg-image=\"http:\/\/www.atpimsa.com\/wp-content\/uploads\/2016\/11\/atpimsa_estudios-de-ventilacion-y-coleccion-de-polvos_01.jpg\" data-bg-repeat=\"false\" data-bg-height=\"\" data-bg-width=\"\"><\/div><div  class=\"fusion-fullwidth fullwidth-box fusion-blend-mode fusion-parallax-up nonhundred-percent-fullwidth\"  style='background-color: rgba(255,255,255,0);background-image: url(\"http:\/\/www.atpimsa.com\/wp-content\/uploads\/2016\/11\/atpimsa_estudios-de-ventilacion-y-coleccion-de-polvos_01.jpg\");background-position: center center;background-repeat: no-repeat;padding-top:130px;padding-right:30px;padding-bottom:120px;padding-left:30px;-webkit-background-size:cover;-moz-background-size:cover;-o-background-size:cover;background-size:cover;background-attachment:up;'><div class=\"fusion-builder-row fusion-row \"><div  class=\"fusion-layout-column fusion_builder_column fusion_builder_column_1_2  fusion-one-half fusion-column-first 1_2\"  style='margin-top:0px;margin-bottom:20px;width:50%;width:calc(50% - ( ( 4% ) * 0.5 ) );margin-right: 4%;'>\n\t\t\t\t\t<div class=\"fusion-column-wrapper\" style=\"background-position:left top;background-repeat:no-repeat;-webkit-background-size:cover;-moz-background-size:cover;-o-background-size:cover;background-size:cover;\"  data-bg-url=\"\">\n\t\t\t\t\t\t<div class=\"fusion-title title fusion-sep-none fusion-title-size-two\" style=\"margin-top:0px;margin-bottom:31px;\"><h2 class=\"title-heading-left\"><span style=\"color: #ffffff;\">Ventilation and Dust Collection Studies<\/span><\/h2><\/div><p><span style=\"color: #ffffff; font-size: 14pt;\">We design dust collection systems for the industry. Their goal can be to avoid contamination or the \u00a0capture fine dust as a finished product of a process.<\/span><\/p>\n<div class=\"fusion-clearfix\"><\/div>\n\n\t\t\t\t\t<\/div>\n\t\t\t\t<\/div><div  class=\"fusion-layout-column fusion_builder_column fusion_builder_column_1_2  fusion-one-half fusion-column-last 1_2\"  style='margin-top:0px;margin-bottom:20px;width:50%;width:calc(50% - ( ( 4% ) * 0.5 ) );'>\n\t\t\t\t\t<div class=\"fusion-column-wrapper\" style=\"background-position:left top;background-repeat:no-repeat;-webkit-background-size:cover;-moz-background-size:cover;-o-background-size:cover;background-size:cover;\"  data-bg-url=\"\">\n\t\t\t\t\t\t<div class=\"fusion-clearfix\"><\/div>\n\n\t\t\t\t\t<\/div>\n\t\t\t\t<\/div><\/div><\/div><div  class=\"fusion-fullwidth fullwidth-box fusion-blend-mode nonhundred-percent-fullwidth fusion-equal-height-columns\"  style='background-color: rgba(255,255,255,0);background-position: center center;background-repeat: no-repeat;padding-top:55px;padding-right:30px;padding-bottom:35px;padding-left:30px;'><div class=\"fusion-builder-row fusion-row \"><div  class=\"fusion-layout-column fusion_builder_column fusion_builder_column_2_3  fusion-two-third fusion-column-first 2_3\"  style='margin-top:0px;margin-bottom:20px;width:66.66%;width:calc(66.66% - ( ( 4% ) * 0.6666 ) );margin-right: 4%;'>\n\t\t\t\t\t<div class=\"fusion-column-wrapper\" style=\"background-position:left top;background-repeat:no-repeat;-webkit-background-size:cover;-moz-background-size:cover;-o-background-size:cover;background-size:cover;\"  data-bg-url=\"\">\n\t\t\t\t\t\t<div class=\"fusion-column-content-centered\"><div class=\"fusion-column-content\"><p>For this purpose it is needed to perform the following:<\/p>\n<ul>\n<li>The calculation for the design of a dust collection system.<\/li>\n<li>The design of exhaust hoods.<\/li>\n<li>The design of transport ducts of the air borne particulate.<\/li>\n<li>Calculation and specification of dust collectors.<\/li>\n<li>The specification of dust collector equipment tailored to the local conditions.<\/li>\n<li>The design of all the required ductwork.<\/li>\n<\/ul>\n<\/div><\/div><div class=\"fusion-clearfix\"><\/div>\n\n\t\t\t\t\t<\/div>\n\t\t\t\t<\/div><div  class=\"fusion-layout-column fusion_builder_column fusion_builder_column_1_3  fusion-one-third fusion-column-last 1_3\"  style='margin-top:0px;margin-bottom:20px;width:33.33%;width:calc(33.33% - ( ( 4% ) * 0.3333 ) );'>\n\t\t\t\t\t<div class=\"fusion-column-wrapper\" style=\"background-position:left top;background-repeat:no-repeat;-webkit-background-size:cover;-moz-background-size:cover;-o-background-size:cover;background-size:cover;\"  data-bg-url=\"\">\n\t\t\t\t\t\t<div class=\"fusion-column-content-centered\"><div class=\"fusion-column-content\"><span class=\"fusion-imageframe imageframe-none imageframe-2 hover-type-zoomin\"><a href=\"http:\/\/www.atpimsa.com\/wp-content\/uploads\/2016\/11\/atpimsa_estudios-de-ventilacion-y-coleccion-de-polvos_01.jpg\" class=\"fusion-lightbox\" data-rel=\"iLightbox[f63e2e528de000e1b24]\" data-title=\"atpimsa_estudios-de-ventilacion-y-coleccion-de-polvos_01\" title=\"atpimsa_estudios-de-ventilacion-y-coleccion-de-polvos_01\"><img fetchpriority=\"high\" fetchpriority=\"high\" decoding=\"async\" src=\"http:\/\/www.atpimsa.com\/wp-content\/uploads\/2016\/11\/atpimsa_estudios-de-ventilacion-y-coleccion-de-polvos_01.jpg\" width=\"440\" height=\"240\" alt=\"\" class=\"img-responsive wp-image-440\" srcset=\"http:\/\/www.atpimsa.com\/wp-content\/uploads\/2016\/11\/atpimsa_estudios-de-ventilacion-y-coleccion-de-polvos_01-200x109.jpg 200w, http:\/\/www.atpimsa.com\/wp-content\/uploads\/2016\/11\/atpimsa_estudios-de-ventilacion-y-coleccion-de-polvos_01-400x218.jpg 400w, http:\/\/www.atpimsa.com\/wp-content\/uploads\/2016\/11\/atpimsa_estudios-de-ventilacion-y-coleccion-de-polvos_01.jpg 440w\" sizes=\"(max-width: 800px) 100vw, 1920px\" \/><\/a><\/span><\/div><\/div><div class=\"fusion-clearfix\"><\/div>\n\n\t\t\t\t\t<\/div>\n\t\t\t\t<\/div><\/div><\/div><\/p>","protected":false},"excerpt":{"rendered":"","protected":false},"author":2,"featured_media":0,"parent":0,"menu_order":0,"comment_status":"closed","ping_status":"closed","template":"100-width.php","meta":{"saved_in_kubio":false,"footnotes":""},"class_list":["post-436","page","type-page","status-publish","hentry"],"kubio_ai_page_context":{"short_desc":"","purpose":"general"},"yoast_head":"<!-- This site is optimized with the Yoast SEO plugin v26.1.1 - https:\/\/yoast.com\/wordpress\/plugins\/seo\/ -->\n<title>Estudios de Ventilaci\u00f3n y Colecci\u00f3n de Polvos - ATPIMSA Asesor\u00eda T\u00e9cnica y Proyectos Industriales de Monterrey S.A. de C.V.<\/title>\n<meta name=\"description\" content=\"Asesor\u00eda T\u00e9cnica y Proyectos Industriales de Monterrey, S.A. de C.V. es una firma de ingenier\u00eda y construcci\u00f3n, especializada en suministrar servicios integrales para proyectos de instalaciones industriales, comerciales y habitacionales, incluyendo proyectos tanto para nuevas instalaciones, como para modificaciones de instalaciones existentes\" \/>\n<meta name=\"robots\" content=\"index, follow, max-snippet:-1, max-image-preview:large, max-video-preview:-1\" \/>\n<link rel=\"canonical\" href=\"https:\/\/www.atpimsa.com\/en\/estudios-de-ventilacion-y-coleccion-de-polvos\/\" \/>\n<meta property=\"og:locale\" content=\"en_US\" \/>\n<meta property=\"og:type\" content=\"article\" \/>\n<meta property=\"og:title\" content=\"Estudios de Ventilaci\u00f3n y Colecci\u00f3n de Polvos - ATPIMSA Asesor\u00eda T\u00e9cnica y Proyectos Industriales de Monterrey S.A. de C.V.\" \/>\n<meta property=\"og:description\" content=\"Asesor\u00eda T\u00e9cnica y Proyectos Industriales de Monterrey, S.A. de C.V. es una firma de ingenier\u00eda y construcci\u00f3n, especializada en suministrar servicios integrales para proyectos de instalaciones industriales, comerciales y habitacionales, incluyendo proyectos tanto para nuevas instalaciones, como para modificaciones de instalaciones existentes\" \/>\n<meta property=\"og:url\" content=\"https:\/\/www.atpimsa.com\/en\/estudios-de-ventilacion-y-coleccion-de-polvos\/\" \/>\n<meta property=\"og:site_name\" content=\"ATPIMSA Asesor\u00eda T\u00e9cnica y Proyectos Industriales de Monterrey S.A. de C.V.\" \/>\n<meta property=\"article:modified_time\" content=\"2017-06-15T18:10:50+00:00\" \/>\n<meta name=\"twitter:card\" content=\"summary_large_image\" \/>\n<meta name=\"twitter:label1\" content=\"Est. reading time\" \/>\n\t<meta name=\"twitter:data1\" content=\"7 minutes\" \/>\n<script type=\"application\/ld+json\" class=\"yoast-schema-graph\">{\"@context\":\"https:\/\/schema.org\",\"@graph\":[{\"@type\":\"WebPage\",\"@id\":\"https:\/\/www.atpimsa.com\/en\/estudios-de-ventilacion-y-coleccion-de-polvos\/\",\"url\":\"https:\/\/www.atpimsa.com\/en\/estudios-de-ventilacion-y-coleccion-de-polvos\/\",\"name\":\"Estudios de Ventilaci\u00f3n y Colecci\u00f3n de Polvos - ATPIMSA Asesor\u00eda T\u00e9cnica y Proyectos Industriales de Monterrey S.A. de C.V.\",\"isPartOf\":{\"@id\":\"http:\/\/www.atpimsa.com\/en\/#website\"},\"datePublished\":\"2016-11-05T18:21:21+00:00\",\"dateModified\":\"2017-06-15T18:10:50+00:00\",\"description\":\"Asesor\u00eda T\u00e9cnica y Proyectos Industriales de Monterrey, S.A. de C.V. es una firma de ingenier\u00eda y construcci\u00f3n, especializada en suministrar servicios integrales para proyectos de instalaciones industriales, comerciales y habitacionales, incluyendo proyectos tanto para nuevas instalaciones, como para modificaciones de instalaciones existentes\",\"breadcrumb\":{\"@id\":\"https:\/\/www.atpimsa.com\/en\/estudios-de-ventilacion-y-coleccion-de-polvos\/#breadcrumb\"},\"inLanguage\":\"en-US\",\"potentialAction\":[{\"@type\":\"ReadAction\",\"target\":[\"https:\/\/www.atpimsa.com\/en\/estudios-de-ventilacion-y-coleccion-de-polvos\/\"]}]},{\"@type\":\"BreadcrumbList\",\"@id\":\"https:\/\/www.atpimsa.com\/en\/estudios-de-ventilacion-y-coleccion-de-polvos\/#breadcrumb\",\"itemListElement\":[{\"@type\":\"ListItem\",\"position\":1,\"name\":\"Portada\",\"item\":\"http:\/\/www.atpimsa.com\/en\/\"},{\"@type\":\"ListItem\",\"position\":2,\"name\":\"Estudios de Ventilaci\u00f3n y Colecci\u00f3n de Polvos\"}]},{\"@type\":\"WebSite\",\"@id\":\"http:\/\/www.atpimsa.com\/en\/#website\",\"url\":\"http:\/\/www.atpimsa.com\/en\/\",\"name\":\"ATPIMSA Asesor\u00eda T\u00e9cnica y Proyectos Industriales de Monterrey S.A. de C.V.\",\"description\":\"\",\"publisher\":{\"@id\":\"http:\/\/www.atpimsa.com\/en\/#organization\"},\"potentialAction\":[{\"@type\":\"SearchAction\",\"target\":{\"@type\":\"EntryPoint\",\"urlTemplate\":\"http:\/\/www.atpimsa.com\/en\/?s={search_term_string}\"},\"query-input\":{\"@type\":\"PropertyValueSpecification\",\"valueRequired\":true,\"valueName\":\"search_term_string\"}}],\"inLanguage\":\"en-US\"},{\"@type\":\"Organization\",\"@id\":\"http:\/\/www.atpimsa.com\/en\/#organization\",\"name\":\"Atpimsa\",\"url\":\"http:\/\/www.atpimsa.com\/en\/\",\"logo\":{\"@type\":\"ImageObject\",\"inLanguage\":\"en-US\",\"@id\":\"http:\/\/www.atpimsa.com\/en\/#\/schema\/logo\/image\/\",\"url\":\"https:\/\/www.atpimsa.com\/wp-content\/uploads\/2016\/10\/atpimsa_logotipo.png\",\"contentUrl\":\"https:\/\/www.atpimsa.com\/wp-content\/uploads\/2016\/10\/atpimsa_logotipo.png\",\"width\":228,\"height\":50,\"caption\":\"Atpimsa\"},\"image\":{\"@id\":\"http:\/\/www.atpimsa.com\/en\/#\/schema\/logo\/image\/\"}}]}<\/script>\n<!-- \/ Yoast SEO plugin. -->","yoast_head_json":{"title":"Estudios de Ventilaci\u00f3n y Colecci\u00f3n de Polvos - ATPIMSA Asesor\u00eda T\u00e9cnica y Proyectos Industriales de Monterrey S.A. de C.V.","description":"Asesor\u00eda T\u00e9cnica y Proyectos Industriales de Monterrey, S.A. de C.V. es una firma de ingenier\u00eda y construcci\u00f3n, especializada en suministrar servicios integrales para proyectos de instalaciones industriales, comerciales y habitacionales, incluyendo proyectos tanto para nuevas instalaciones, como para modificaciones de instalaciones existentes","robots":{"index":"index","follow":"follow","max-snippet":"max-snippet:-1","max-image-preview":"max-image-preview:large","max-video-preview":"max-video-preview:-1"},"canonical":"https:\/\/www.atpimsa.com\/en\/estudios-de-ventilacion-y-coleccion-de-polvos\/","og_locale":"en_US","og_type":"article","og_title":"Estudios de Ventilaci\u00f3n y Colecci\u00f3n de Polvos - ATPIMSA Asesor\u00eda T\u00e9cnica y Proyectos Industriales de Monterrey S.A. de C.V.","og_description":"Asesor\u00eda T\u00e9cnica y Proyectos Industriales de Monterrey, S.A. de C.V. es una firma de ingenier\u00eda y construcci\u00f3n, especializada en suministrar servicios integrales para proyectos de instalaciones industriales, comerciales y habitacionales, incluyendo proyectos tanto para nuevas instalaciones, como para modificaciones de instalaciones existentes","og_url":"https:\/\/www.atpimsa.com\/en\/estudios-de-ventilacion-y-coleccion-de-polvos\/","og_site_name":"ATPIMSA Asesor\u00eda T\u00e9cnica y Proyectos Industriales de Monterrey S.A. de C.V.","article_modified_time":"2017-06-15T18:10:50+00:00","twitter_card":"summary_large_image","twitter_misc":{"Est. reading time":"7 minutes"},"schema":{"@context":"https:\/\/schema.org","@graph":[{"@type":"WebPage","@id":"https:\/\/www.atpimsa.com\/en\/estudios-de-ventilacion-y-coleccion-de-polvos\/","url":"https:\/\/www.atpimsa.com\/en\/estudios-de-ventilacion-y-coleccion-de-polvos\/","name":"Estudios de Ventilaci\u00f3n y Colecci\u00f3n de Polvos - ATPIMSA Asesor\u00eda T\u00e9cnica y Proyectos Industriales de Monterrey S.A. de C.V.","isPartOf":{"@id":"http:\/\/www.atpimsa.com\/en\/#website"},"datePublished":"2016-11-05T18:21:21+00:00","dateModified":"2017-06-15T18:10:50+00:00","description":"Asesor\u00eda T\u00e9cnica y Proyectos Industriales de Monterrey, S.A. de C.V. es una firma de ingenier\u00eda y construcci\u00f3n, especializada en suministrar servicios integrales para proyectos de instalaciones industriales, comerciales y habitacionales, incluyendo proyectos tanto para nuevas instalaciones, como para modificaciones de instalaciones existentes","breadcrumb":{"@id":"https:\/\/www.atpimsa.com\/en\/estudios-de-ventilacion-y-coleccion-de-polvos\/#breadcrumb"},"inLanguage":"en-US","potentialAction":[{"@type":"ReadAction","target":["https:\/\/www.atpimsa.com\/en\/estudios-de-ventilacion-y-coleccion-de-polvos\/"]}]},{"@type":"BreadcrumbList","@id":"https:\/\/www.atpimsa.com\/en\/estudios-de-ventilacion-y-coleccion-de-polvos\/#breadcrumb","itemListElement":[{"@type":"ListItem","position":1,"name":"Portada","item":"http:\/\/www.atpimsa.com\/en\/"},{"@type":"ListItem","position":2,"name":"Estudios de Ventilaci\u00f3n y Colecci\u00f3n de Polvos"}]},{"@type":"WebSite","@id":"http:\/\/www.atpimsa.com\/en\/#website","url":"http:\/\/www.atpimsa.com\/en\/","name":"ATPIMSA Asesor\u00eda T\u00e9cnica y Proyectos Industriales de Monterrey S.A. de C.V.","description":"","publisher":{"@id":"http:\/\/www.atpimsa.com\/en\/#organization"},"potentialAction":[{"@type":"SearchAction","target":{"@type":"EntryPoint","urlTemplate":"http:\/\/www.atpimsa.com\/en\/?s={search_term_string}"},"query-input":{"@type":"PropertyValueSpecification","valueRequired":true,"valueName":"search_term_string"}}],"inLanguage":"en-US"},{"@type":"Organization","@id":"http:\/\/www.atpimsa.com\/en\/#organization","name":"Atpimsa","url":"http:\/\/www.atpimsa.com\/en\/","logo":{"@type":"ImageObject","inLanguage":"en-US","@id":"http:\/\/www.atpimsa.com\/en\/#\/schema\/logo\/image\/","url":"https:\/\/www.atpimsa.com\/wp-content\/uploads\/2016\/10\/atpimsa_logotipo.png","contentUrl":"https:\/\/www.atpimsa.com\/wp-content\/uploads\/2016\/10\/atpimsa_logotipo.png","width":228,"height":50,"caption":"Atpimsa"},"image":{"@id":"http:\/\/www.atpimsa.com\/en\/#\/schema\/logo\/image\/"}}]}},"brizy_media":[],"_links":{"self":[{"href":"http:\/\/www.atpimsa.com\/en\/wp-json\/wp\/v2\/pages\/436","targetHints":{"allow":["GET"]}}],"collection":[{"href":"http:\/\/www.atpimsa.com\/en\/wp-json\/wp\/v2\/pages"}],"about":[{"href":"http:\/\/www.atpimsa.com\/en\/wp-json\/wp\/v2\/types\/page"}],"author":[{"embeddable":true,"href":"http:\/\/www.atpimsa.com\/en\/wp-json\/wp\/v2\/users\/2"}],"replies":[{"embeddable":true,"href":"http:\/\/www.atpimsa.com\/en\/wp-json\/wp\/v2\/comments?post=436"}],"version-history":[{"count":11,"href":"http:\/\/www.atpimsa.com\/en\/wp-json\/wp\/v2\/pages\/436\/revisions"}],"predecessor-version":[{"id":933,"href":"http:\/\/www.atpimsa.com\/en\/wp-json\/wp\/v2\/pages\/436\/revisions\/933"}],"wp:attachment":[{"href":"http:\/\/www.atpimsa.com\/en\/wp-json\/wp\/v2\/media?parent=436"}],"curies":[{"name":"wp","href":"https:\/\/api.w.org\/{rel}","templated":true}]}}